{"id":2557,"date":"2026-04-02T04:40:43","date_gmt":"2026-04-02T04:40:43","guid":{"rendered":"https:\/\/www.o3onourown.com\/?page_id=2557"},"modified":"2026-04-02T05:07:32","modified_gmt":"2026-04-02T05:07:32","slug":"notre-politique-de-confidentialite","status":"publish","type":"page","link":"https:\/\/www.o3onourown.com\/fr\/notre-politique-de-confidentialite\/","title":{"rendered":"Notre politique de confidentialit\u00e9"},"content":{"rendered":"<div class=\"fusion-fullwidth fullwidth-box fusion-builder-row-1 fusion-flex-container has-pattern-background has-mask-background nonhundred-percent-fullwidth non-hundred-percent-height-scrolling\" style=\"--awb-border-radius-top-left:0px;--awb-border-radius-top-right:0px;--awb-border-radius-bottom-right:0px;--awb-border-radius-bottom-left:0px;--awb-flex-wrap:wrap;\" ><div class=\"fusion-builder-row fusion-row fusion-flex-align-items-flex-start fusion-flex-content-wrap\" style=\"max-width:83.2%;margin-left: calc(-4% \/ 2 );margin-right: calc(-4% \/ 2 );\"><div class=\"fusion-layout-column fusion_builder_column fusion-builder-column-0 fusion_builder_column_1_1 1_1 fusion-flex-column\" style=\"--awb-bg-size:cover;--awb-width-large:100%;--awb-margin-top-large:0px;--awb-spacing-right-large:1.92%;--awb-margin-bottom-large:20px;--awb-spacing-left-large:1.92%;--awb-width-medium:100%;--awb-order-medium:0;--awb-spacing-right-medium:1.92%;--awb-spacing-left-medium:1.92%;--awb-width-small:100%;--awb-order-small:0;--awb-spacing-right-small:1.92%;--awb-spacing-left-small:1.92%;\"><div class=\"fusion-column-wrapper fusion-column-has-shadow fusion-flex-justify-content-flex-start fusion-content-layout-column\"><div class=\"fusion-separator fusion-full-width-sep\" style=\"align-self: center;margin-left: auto;margin-right: auto;margin-top:60px;width:100%;\"><div class=\"fusion-separator-border sep-double\" style=\"--awb-height:20px;--awb-amount:20px;--awb-sep-color:rgba(12,12,12,0);border-color:rgba(12,12,12,0);border-top-width:1px;border-bottom-width:1px;\"><\/div><\/div><div class=\"fusion-title title fusion-title-1 fusion-sep-none fusion-title-text fusion-title-size-two\" style=\"--awb-text-color:#00af3f;--awb-margin-top-small:10px;--awb-margin-right-small:0px;--awb-margin-bottom-small:10px;--awb-margin-left-small:0px;--awb-font-size:30px;\"><h2 class=\"fusion-title-heading title-heading-left fusion-responsive-typography-calculated\" style=\"font-family:&quot;Delius Unicase&quot;;font-style:normal;font-weight:400;margin:0;letter-spacing:-1px;font-size:1em;--fontSize:30;line-height:1.2;\">Politique de confidentialit\u00e9<\/h2><\/div><div class=\"fusion-separator fusion-full-width-sep\" style=\"align-self: center;margin-left: auto;margin-right: auto;margin-top:30px;width:100%;\"><div class=\"fusion-separator-border sep-double\" style=\"--awb-height:20px;--awb-amount:20px;--awb-sep-color:rgba(12,12,12,0);border-color:rgba(12,12,12,0);border-top-width:1px;border-bottom-width:1px;\"><\/div><\/div><div class=\"fusion-text fusion-text-1\"><p>Les Maisons Transitionnelles O3<\/p>\n<p>3970, boulevard Cavendish #1<\/p>\n<p>Montr\u00e9al, Qu\u00e9bec H4B 2N3<\/p>\n<p>T\u00e9l\u00e9phone: 514-369-0757 \u2022 T\u00e9l\u00e9copieur: 514-369-2954<\/p>\n<p>Politique de confidentialit\u00e9 et de protection des informations personnelles d&rsquo;O3<\/p>\n<h4>INTRODUCTION :<\/h4>\n<p>O3 est enregistr\u00e9 comme organisme de bienfaisance \u00e0 but non lucratif et est situ\u00e9 \u00e0 Montr\u00e9al, au Qu\u00e9bec (Canada). Nous croyons en l&rsquo;importance de prot\u00e9ger les informations personnelles de nos donateurices, employ\u00e9.e.s, r\u00e9sident.e.s et autres personnes qui interagissent avec nous (ci-apr\u00e8s d\u00e9nomm\u00e9.e.s \u00ab vous \u00bb, \u00ab votre \u00bb). Nous sommes soumis \u00e0 la Loi sur la protection de la vie priv\u00e9e du secteur priv\u00e9 et, \u00e0 ce titre, nous nous engageons \u00e0 maintenir la confidentialit\u00e9 des informations personnelles que nous collectons dans le cadre de nos activit\u00e9s.<\/p>\n<p>Notre politique de confidentialit\u00e9 (la \u00ab Politique \u00bb) est con\u00e7ue pour vous informer de nos pratiques concernant la collecte, l&rsquo;utilisation, la divulgation et la conservation des informations personnelles. En utilisant notre site Web ou en choisissant de nous fournir des informations personnelles (que ce soit via notre site Web, par courrier \u00e9lectronique, en personne ou par t\u00e9l\u00e9phone), vous acceptez les termes et conditions de cette politique de confidentialit\u00e9 et nous autorisez \u00e0 traiter vos informations personnelles conform\u00e9ment \u00e0 celle-ci et ce, aux fins expos\u00e9es ci-dessous. Nous nous engageons \u00e0 prot\u00e9ger la vie priv\u00e9e de nos utilisateurices et \u00e0 collecter et utiliser leurs informations personnelles uniquement avec leur consentement et ce, dans la mesure permise ou requise par la loi.<\/p>\n<h4>\u00c0 QUI CETTE POLITIQUE S\u2019APPLIQUE-T-ELLE :<\/h4>\n<p>Cette politique s&rsquo;applique aux informations personnelles collect\u00e9es aupr\u00e8s de :<\/p>\n<p>&#8211; Donateurices (\u00e0 la fois celleux qui font un don directement \u00e0 l&rsquo;organisme et celleux qui utilisent un site de don tiers. Si vous faites un don via une plateforme tierce, veuillez vous assurer que vous connaissez leur politique de confidentialit\u00e9.)<\/p>\n<p>&#8211; Employ\u00e9.e.s<\/p>\n<p>&#8211; Candidat.e.s \u00e0 l&#8217;emploi<\/p>\n<p>&#8211; Les r\u00e9sident.e.s d&rsquo;O3<\/p>\n<p>&#8211; Candidat.e.s souhaitant r\u00e9sider dans le programme O3<\/p>\n<p>&#8211; B\u00e9n\u00e9voles<\/p>\n<p>&#8211; Membres du conseil d&rsquo;administration<\/p>\n<p>&#8211; Utilisateurices de notre site Internet<\/p>\n<h4>UTILISER NOTRE SITE WEB<\/h4>\n<h5>UTILISATION DES COOKIES<\/h5>\n<p>Notre site Web ne place aucun cookie permanent sur les disques durs des ordinateurs des visiteurs, mais il peut placer des cookies temporaires n\u00e9cessaires pour am\u00e9liorer la performance de certaines fonctions du site.<\/p>\n<p><strong>DONN\u00c9ES ANALYTIQUES<\/strong><\/p>\n<p>Nous pouvons faire appel \u00e0 des tiers, tels que Google Analytics, pour nous aider \u00e0 collecter et analyser des informations sur les zones visit\u00e9es de notre site Web, afin d&rsquo;\u00e9valuer et d&rsquo;en am\u00e9liorer l&rsquo;exp\u00e9rience-utilisateurice. Ces tiers peuvent utiliser des cookies et d&rsquo;autres technologies de suivi. Si vous souhaitez emp\u00eacher Google de stocker et de traiter ces donn\u00e9es (y compris votre adresse IP), vous pouvez t\u00e9l\u00e9charger et installer le plug-in de navigateur disponible au lien suivant : Page de t\u00e9l\u00e9chargement du module compl\u00e9mentaire de navigateur de d\u00e9sactivation de Google Analytics. https:\/\/tools.google.com\/dlpage\/gaoptout?hl=fr<\/p>\n<p>Vous pouvez \u00e9galement lire la politique de confidentialit\u00e9 de Google Analytics sur le lien suivant : Politique de confidentialit\u00e9 et conditions d&rsquo;utilisation &#8211; Google. https:\/\/policies.google.com\/privacy?hl=fr<\/p>\n<p><strong>LIENS VERS D&rsquo;AUTRES SITES<\/strong><\/p>\n<p>Notre site Internet comprend des hyperliens et des liens int\u00e9gr\u00e9s vers d\u2019autres sites ainsi que des documents externes appartenant \u00e0 ces sites. Les informations \u00e9chang\u00e9es sur ces sites ne sont pas soumises \u00e0 la pr\u00e9sente politique de confidentialit\u00e9, mais \u00e0 celle du site externe, le cas \u00e9ch\u00e9ant.<\/p>\n<h4>FORMULAIRES<\/h4>\n<p>Afin de mieux vous servir, notre site Web propose plusieurs formulaires, notamment un formulaire pour les dons, un pour les candidatures, et un pour nous contacter. Chacun de ces formulaires est con\u00e7u tenant compte de votre confidentialit\u00e9 et votre s\u00e9curit\u00e9.<\/p>\n<p>Formulaire de dons : Lorsque vous choisissez de faire un don via notre formulaire de dons, vous serez redirig\u00e9 vers CanaDon. Veuillez noter que toute information soumise via ce formulaire est soumise \u00e0 la politique de confidentialit\u00e9 de CanaDon. Pour plus de d\u00e9tails sur la mani\u00e8re dont nous traitons les informations collect\u00e9es via ce processus, veuillez vous r\u00e9f\u00e9rer \u00e0 la section \u00ab Utilisation des informations sur les donateurices \u00bb dans le tableau ci-dessous.<\/p>\n<p>Formulaires de contact et de candidatures : les informations soumises via le formulaire de contact ou le formulaire pour candidatures sont re\u00e7ues directement par le personnel d&rsquo;O3. Nous traitons ces donn\u00e9es avec la plus grande confidentialit\u00e9 et les utilisons uniquement comme indiqu\u00e9 dans les sections correspondantes du tableau ci-dessous.<\/p>\n<p>Votre confiance est d\u2019une grande importance pour nous et nous nous engageons \u00e0 garantir la confidentialit\u00e9 de vos informations personnelles.<\/p>\n<h4>CONFIDENTIALIT\u00c9 DES ENFANTS<\/h4>\n<p>Nous ne collectons ni ne sollicitons sciemment d\u2019informations personnelles aupr\u00e8s d\u2019enfants de moins de 13 ans. En utilisant notre site Web, vous d\u00e9clarez que vous avez au moins 13 ans. Si vous avez moins de 13 ans, n&rsquo;essayez pas de nous envoyer des informations personnelles. Si nous d\u00e9couvrons que nous avons collect\u00e9 par inadvertance des informations personnelles aupr\u00e8s d&rsquo;un.e utilisateurice de moins de 13 ans, nous tenterons de supprimer imm\u00e9diatement ces informations de nos fichiers et documents. Nous encourageons \u00e9galement les utilisateurices de sites Web \u00e2g\u00e9.e.s de moins de 13 ans \u00e0 demander la permission \u00e0 leur parent ou tuteur avant d&rsquo;envoyer des informations les concernant sur Internet.<\/p>\n<p>Si vous pensez qu&rsquo;un enfant de moins de 13 ans nous a fourni des informations personnelles, veuillez nous contacter en utilisant les coordonn\u00e9es fournies dans la section suivante?<\/p>\n<h4>COLLECTE ET UTILISATION DE VOS INFORMATIONS PERSONNELLES<\/h4>\n<p>La liste ci-dessous est un tableau d\u00e9crivant les principaux types d&rsquo;informations que nous collectons sur les diff\u00e9rentes cat\u00e9gories de personnes qui interagissent avec notre organisme, ainsi que les principaux objectifs de la collecte de ces informations.<\/p>\n<p><strong>Type d&rsquo;informations collect\u00e9es<\/strong><\/p>\n<p>Objectif principal de la collecte d&rsquo;informations<\/p>\n<p><strong>Donateurices<\/strong><\/p>\n<p>Nom, coordonn\u00e9es, informations de paiement, historique des dons<\/p>\n<p>Re\u00e7us fiscaux, communications, traitement des dons, envoi de lettres de remerciement et de re\u00e7us, mise \u00e0 jour des donateurs sur l&rsquo;impact de leurs contributions, fourniture d&rsquo;informations sur les \u00e9v\u00e9nements futurs et sur nos campagnes de collecte de fonds<\/p>\n<p><strong>Employ\u00e9.e.s<\/strong><\/p>\n<p>Nom, coordonn\u00e9es, informations personnelles requises, ant\u00e9c\u00e9dents professionnels, formation, r\u00e9f\u00e9rences, coordonn\u00e9es en cas d&rsquo;urgence, informations financi\u00e8res (pour la paie), informations sur la sant\u00e9 (pour les avantages sociaux et les am\u00e9nagements)<\/p>\n<p>Gestion des employ\u00e9s et traitement de la paie, d\u00e9veloppement et formation professionnels, \u00e9valuation des performances, respect du droit du travail, v\u00e9rification des ant\u00e9c\u00e9dents criminels<\/p>\n<p><strong>Candidats \u00e0 l&#8217;emploi<\/strong><\/p>\n<p>Nom, coordonn\u00e9es, informations sur le CV (ant\u00e9c\u00e9dents professionnels, formation)<\/p>\n<p>\u00c9valuation des candidats, prise de contact pour entretiens, suivis<\/p>\n<p><strong>R\u00e9sident.e.s<\/strong><\/p>\n<p>Nom, \u00e2ge, coordonn\u00e9es, coordonn\u00e9es en cas d&rsquo;urgence, informations sur la sant\u00e9 et le bien-\u00eatre, informations financi\u00e8res, informations sur les personnes \u00e0 charge, toute information requise<\/p>\n<p>Assurer des soins et un accompagnement appropri\u00e9s en plus d\u2019un contact et une r\u00e9ponse d&rsquo;urgence, adapter les programmes aux besoins individuels, partager des informations avec l&rsquo;OMHM pour le calcul de l&rsquo;aide au loyer.<\/p>\n<p>informations personnelles suppl\u00e9mentaires<\/p>\n<p>Candidats \u00e0 la r\u00e9sidence \u00e0 O3<\/p>\n<p>Nom, \u00e2ge, coordonn\u00e9es, coordonn\u00e9es d&rsquo;urgence, informations sur la sant\u00e9 et le bien-\u00eatre, informations financi\u00e8res, informations sur les personnes \u00e0 charge, toute information personnelle suppl\u00e9mentaire requise<\/p>\n<p>\u00c9valuer l&rsquo;\u00e9ligibilit\u00e9 et l&rsquo;ad\u00e9quation au programme, planifier les admissions potentielles et les services d&rsquo;accompagnement, partager l&rsquo;information avec l&rsquo;OMHM pour l&rsquo;\u00e9valuation de la candidature.<\/p>\n<p><strong>B\u00e9n\u00e9voles<\/strong><\/p>\n<p>Nom, coordonn\u00e9es, disponibilit\u00e9 et int\u00e9r\u00eats, comp\u00e9tences et toute certification pertinente, informations personnelles requises<\/p>\n<p>Associer les b\u00e9n\u00e9voles aux r\u00f4les appropri\u00e9s, coordonner les activit\u00e9s b\u00e9n\u00e9voles et la communication, v\u00e9rifier les ant\u00e9c\u00e9dents criminels.<\/p>\n<p><strong>Membres du conseil d&rsquo;administration<\/strong><\/p>\n<p>Nom, coordonn\u00e9es, parcours professionnel et qualifications, informations personnelles requises<\/p>\n<p>Communication et documentation li\u00e9es \u00e0 la gouvernance, coordination et gestion des conseils d&rsquo;administration, mise \u00e0 jour du registraire des entreprises<\/p>\n<h4>S\u00c9CURIT\u00c9 ET DIVULGATION DE VOS INFORMATIONS PERSONNELLES<\/h4>\n<p>Chaque employ\u00e9, administrateur, b\u00e9n\u00e9vole, entrepreneur ind\u00e9pendant et conseiller ponctuel \u0153uvrant au sein des comit\u00e9s de notre conseil d&rsquo;administration s&rsquo;engage \u00e0 respecter les renseignements personnels que nous recueillons. De plus, ces personnes s&rsquo;engagent \u00e0 maintenir la confidentialit\u00e9 de ces informations et d&rsquo;autres renseignements sp\u00e9cifiques \u00e0 notre organisation et \u00e0 ne pas les divulguer ni les utiliser \u00e0 des fins personnelles ou au profit d&rsquo;autrui. Cet engagement existe d\u00e8s l\u2019entr\u00e9e en fonction de l\u2019employ\u00e9, de l\u2019administrateur, du b\u00e9n\u00e9vole, de l\u2019entrepreneur ind\u00e9pendant ou du conseiller ad hoc et se poursuit ind\u00e9finiment.<\/p>\n<p>Exceptionnellement, nous pouvons divulguer vos informations personnelles d&rsquo;une mani\u00e8re non d\u00e9crite dans cette politique, comme l&rsquo;exige la loi ou l\u2019ordonnance d&rsquo;un tribunal.<\/p>\n<h4>S\u00c9CURIT\u00c9 DE VOS INFORMATIONS PERSONNELLES<\/h4>\n<p>Nous avons mis en place des mesures de s\u00e9curit\u00e9 physiques, techniques et administratives appropri\u00e9es pour prot\u00e9ger les donn\u00e9es personnelles que vous nous fournissez contre tout acc\u00e8s, utilisation ou divulgation non autoris\u00e9s. Ces mesures sont r\u00e9guli\u00e8rement revues et am\u00e9lior\u00e9es pour assurer une protection optimale de vos donn\u00e9es.<\/p>\n<p>Bien que nous fassions de notre mieux pour prot\u00e9ger vos donn\u00e9es personnelles, il est important de garder \u00e0 l\u2019esprit qu\u2019aucune m\u00e9thode de transmission via Internet ou de stockage \u00e9lectronique n\u2019est s\u00e9curis\u00e9e \u00e0 100 %. Nous ne pouvons donc pas garantir leur s\u00e9curit\u00e9 absolue.<\/p>\n<h4>CONSERVATION ET DESTRUCTION DES INFORMATIONS PERSONNELLES<\/h4>\n<p>Nous ne conserverons vos donn\u00e9es personnelles que le temps n\u00e9cessaire aux fins \u00e9nonc\u00e9es dans la pr\u00e9sente politique de confidentialit\u00e9. Nous les conserverons et les utiliserons dans la mesure n\u00e9cessaire pour respecter nos obligations l\u00e9gales, r\u00e9soudre les litiges et faire respecter nos politiques juridiques.<\/p>\n<h4>ACC\u00c8S \u00c0 L&rsquo;INFORMATION, PLAINTES ET PR\u00c9OCCUPATIONS<\/h4>\n<p>Vous avez le droit de demander le retrait de votre consentement \u00e0 tout moment. Toutefois, cela peut ne pas \u00eatre possible en fonction de votre relation avec nous. Dans de nombreux cas, nous sommes oblig\u00e9s de conserver des enregistrements d&rsquo;informations personnelles (par exemple, des informations sur la paie des employ\u00e9s ou sur les r\u00e9sidents.)<\/p>\n<p>Vous pouvez acc\u00e9der \u00e0 tout moment \u00e0 toutes les informations personnelles que nous d\u00e9tenons \u00e0 votre sujet en faisant une demande \u00e9crite directement \u00e0 notre responsable de la confidentialit\u00e9.<\/p>\n<p>Toute demande d&rsquo;acc\u00e8s \u00e0 l&rsquo;information, demande de modification ou de destruction d&rsquo;informations personnelles, ou toute pr\u00e9occupation ou plainte concernant cette politique ou concernant nos pratiques de confidentialit\u00e9 peut \u00eatre envoy\u00e9e \u00e0 la personne responsable de la protection des informations personnelles (agent de la confidentialit\u00e9) \u00e0 l&rsquo;adresse suivante : directeur@o3onourown.com<\/p>\n<h4>MODIFICATIONS APPORT\u00c9ES \u00c0 LA POLITIQUE DE CONFIDENTIALIT\u00c9<\/h4>\n<p>We may change this policy from time to time and will post the most current version online. We encourage you to review this privacy policy regularly to stay informed of any changes.<\/p>\n<p>Il se peut que nous modifions cette politique de temps \u00e0 autre; nous publierons la version la plus r\u00e9cente en ligne, le cas \u00e9ch\u00e9ant. Nous vous encourageons \u00e0 consulter r\u00e9guli\u00e8rement cette politique de confidentialit\u00e9 pour rester inform\u00e9 de tout changement.<\/p>\n<p>Derni\u00e8re mise \u00e0 jour : 17 novembre 2023<\/p>\n<\/div><\/div><\/div><\/div><\/div>\n","protected":false},"excerpt":{"rendered":"","protected":false},"author":1,"featured_media":0,"parent":0,"menu_order":0,"comment_status":"closed","ping_status":"closed","template":"100-width.php","meta":{"footnotes":""},"class_list":["post-2557","page","type-page","status-publish","hentry"],"yoast_head":"<!-- This site is optimized with the Yoast SEO plugin v27.3 - https:\/\/yoast.com\/product\/yoast-seo-wordpress\/ -->\n<title>Notre politique de confidentialit\u00e9 - On Our Own<\/title>\n<meta name=\"robots\" content=\"index, follow, max-snippet:-1, max-image-preview:large, max-video-preview:-1\" \/>\n<link rel=\"canonical\" href=\"https:\/\/www.o3onourown.com\/fr\/notre-politique-de-confidentialite\/\" \/>\n<meta property=\"og:locale\" content=\"fr_FR\" \/>\n<meta property=\"og:type\" content=\"article\" \/>\n<meta property=\"og:title\" content=\"Notre politique de confidentialit\u00e9 - On Our Own\" \/>\n<meta property=\"og:url\" content=\"https:\/\/www.o3onourown.com\/fr\/notre-politique-de-confidentialite\/\" \/>\n<meta property=\"og:site_name\" content=\"On Our Own\" \/>\n<meta property=\"article:publisher\" content=\"https:\/\/www.facebook.com\/lesmaisonstransitionnelleso3\/\" \/>\n<meta property=\"article:modified_time\" content=\"2026-04-02T05:07:32+00:00\" \/>\n<meta name=\"twitter:card\" content=\"summary_large_image\" \/>\n<meta name=\"twitter:label1\" content=\"Dur\u00e9e de lecture estim\u00e9e\" \/>\n\t<meta name=\"twitter:data1\" content=\"8 minutes\" \/>\n<script type=\"application\/ld+json\" class=\"yoast-schema-graph\">{\"@context\":\"https:\\\/\\\/schema.org\",\"@graph\":[{\"@type\":\"WebPage\",\"@id\":\"https:\\\/\\\/www.o3onourown.com\\\/fr\\\/notre-politique-de-confidentialite\\\/\",\"url\":\"https:\\\/\\\/www.o3onourown.com\\\/fr\\\/notre-politique-de-confidentialite\\\/\",\"name\":\"Notre politique de confidentialit\u00e9 - On Our Own\",\"isPartOf\":{\"@id\":\"https:\\\/\\\/www.o3onourown.com\\\/#website\"},\"datePublished\":\"2026-04-02T04:40:43+00:00\",\"dateModified\":\"2026-04-02T05:07:32+00:00\",\"breadcrumb\":{\"@id\":\"https:\\\/\\\/www.o3onourown.com\\\/fr\\\/notre-politique-de-confidentialite\\\/#breadcrumb\"},\"inLanguage\":\"fr-FR\",\"potentialAction\":[{\"@type\":\"ReadAction\",\"target\":[\"https:\\\/\\\/www.o3onourown.com\\\/fr\\\/notre-politique-de-confidentialite\\\/\"]}]},{\"@type\":\"BreadcrumbList\",\"@id\":\"https:\\\/\\\/www.o3onourown.com\\\/fr\\\/notre-politique-de-confidentialite\\\/#breadcrumb\",\"itemListElement\":[{\"@type\":\"ListItem\",\"position\":1,\"name\":\"Home\",\"item\":\"https:\\\/\\\/www.o3onourown.com\\\/fr\\\/\"},{\"@type\":\"ListItem\",\"position\":2,\"name\":\"Notre politique de confidentialit\u00e9\"}]},{\"@type\":\"WebSite\",\"@id\":\"https:\\\/\\\/www.o3onourown.com\\\/#website\",\"url\":\"https:\\\/\\\/www.o3onourown.com\\\/\",\"name\":\"On Our Own\",\"description\":\"\",\"publisher\":{\"@id\":\"https:\\\/\\\/www.o3onourown.com\\\/#organization\"},\"potentialAction\":[{\"@type\":\"SearchAction\",\"target\":{\"@type\":\"EntryPoint\",\"urlTemplate\":\"https:\\\/\\\/www.o3onourown.com\\\/?s={search_term_string}\"},\"query-input\":{\"@type\":\"PropertyValueSpecification\",\"valueRequired\":true,\"valueName\":\"search_term_string\"}}],\"inLanguage\":\"fr-FR\"},{\"@type\":\"Organization\",\"@id\":\"https:\\\/\\\/www.o3onourown.com\\\/#organization\",\"name\":\"o3 onourown\",\"url\":\"https:\\\/\\\/www.o3onourown.com\\\/\",\"logo\":{\"@type\":\"ImageObject\",\"inLanguage\":\"fr-FR\",\"@id\":\"https:\\\/\\\/www.o3onourown.com\\\/#\\\/schema\\\/logo\\\/image\\\/\",\"url\":\"https:\\\/\\\/www.o3onourown.com\\\/wp-content\\\/uploads\\\/2022\\\/02\\\/03-logo.png\",\"contentUrl\":\"https:\\\/\\\/www.o3onourown.com\\\/wp-content\\\/uploads\\\/2022\\\/02\\\/03-logo.png\",\"width\":500,\"height\":285,\"caption\":\"o3 onourown\"},\"image\":{\"@id\":\"https:\\\/\\\/www.o3onourown.com\\\/#\\\/schema\\\/logo\\\/image\\\/\"},\"sameAs\":[\"https:\\\/\\\/www.facebook.com\\\/lesmaisonstransitionnelleso3\\\/\",\"https:\\\/\\\/www.instagram.com\\\/o3_onourown\\\/\",\"https:\\\/\\\/www.linkedin.com\\\/company\\\/o3onourown\\\/about\\\/\"]}]}<\/script>\n<!-- \/ Yoast SEO plugin. -->","yoast_head_json":{"title":"Notre politique de confidentialit\u00e9 - On Our Own","robots":{"index":"index","follow":"follow","max-snippet":"max-snippet:-1","max-image-preview":"max-image-preview:large","max-video-preview":"max-video-preview:-1"},"canonical":"https:\/\/www.o3onourown.com\/fr\/notre-politique-de-confidentialite\/","og_locale":"fr_FR","og_type":"article","og_title":"Notre politique de confidentialit\u00e9 - On Our Own","og_url":"https:\/\/www.o3onourown.com\/fr\/notre-politique-de-confidentialite\/","og_site_name":"On Our Own","article_publisher":"https:\/\/www.facebook.com\/lesmaisonstransitionnelleso3\/","article_modified_time":"2026-04-02T05:07:32+00:00","twitter_card":"summary_large_image","twitter_misc":{"Dur\u00e9e de lecture estim\u00e9e":"8 minutes"},"schema":{"@context":"https:\/\/schema.org","@graph":[{"@type":"WebPage","@id":"https:\/\/www.o3onourown.com\/fr\/notre-politique-de-confidentialite\/","url":"https:\/\/www.o3onourown.com\/fr\/notre-politique-de-confidentialite\/","name":"Notre politique de confidentialit\u00e9 - On Our Own","isPartOf":{"@id":"https:\/\/www.o3onourown.com\/#website"},"datePublished":"2026-04-02T04:40:43+00:00","dateModified":"2026-04-02T05:07:32+00:00","breadcrumb":{"@id":"https:\/\/www.o3onourown.com\/fr\/notre-politique-de-confidentialite\/#breadcrumb"},"inLanguage":"fr-FR","potentialAction":[{"@type":"ReadAction","target":["https:\/\/www.o3onourown.com\/fr\/notre-politique-de-confidentialite\/"]}]},{"@type":"BreadcrumbList","@id":"https:\/\/www.o3onourown.com\/fr\/notre-politique-de-confidentialite\/#breadcrumb","itemListElement":[{"@type":"ListItem","position":1,"name":"Home","item":"https:\/\/www.o3onourown.com\/fr\/"},{"@type":"ListItem","position":2,"name":"Notre politique de confidentialit\u00e9"}]},{"@type":"WebSite","@id":"https:\/\/www.o3onourown.com\/#website","url":"https:\/\/www.o3onourown.com\/","name":"On Our Own","description":"","publisher":{"@id":"https:\/\/www.o3onourown.com\/#organization"},"potentialAction":[{"@type":"SearchAction","target":{"@type":"EntryPoint","urlTemplate":"https:\/\/www.o3onourown.com\/?s={search_term_string}"},"query-input":{"@type":"PropertyValueSpecification","valueRequired":true,"valueName":"search_term_string"}}],"inLanguage":"fr-FR"},{"@type":"Organization","@id":"https:\/\/www.o3onourown.com\/#organization","name":"o3 onourown","url":"https:\/\/www.o3onourown.com\/","logo":{"@type":"ImageObject","inLanguage":"fr-FR","@id":"https:\/\/www.o3onourown.com\/#\/schema\/logo\/image\/","url":"https:\/\/www.o3onourown.com\/wp-content\/uploads\/2022\/02\/03-logo.png","contentUrl":"https:\/\/www.o3onourown.com\/wp-content\/uploads\/2022\/02\/03-logo.png","width":500,"height":285,"caption":"o3 onourown"},"image":{"@id":"https:\/\/www.o3onourown.com\/#\/schema\/logo\/image\/"},"sameAs":["https:\/\/www.facebook.com\/lesmaisonstransitionnelleso3\/","https:\/\/www.instagram.com\/o3_onourown\/","https:\/\/www.linkedin.com\/company\/o3onourown\/about\/"]}]}},"_links":{"self":[{"href":"https:\/\/www.o3onourown.com\/fr\/wp-json\/wp\/v2\/pages\/2557","targetHints":{"allow":["GET"]}}],"collection":[{"href":"https:\/\/www.o3onourown.com\/fr\/wp-json\/wp\/v2\/pages"}],"about":[{"href":"https:\/\/www.o3onourown.com\/fr\/wp-json\/wp\/v2\/types\/page"}],"author":[{"embeddable":true,"href":"https:\/\/www.o3onourown.com\/fr\/wp-json\/wp\/v2\/users\/1"}],"replies":[{"embeddable":true,"href":"https:\/\/www.o3onourown.com\/fr\/wp-json\/wp\/v2\/comments?post=2557"}],"version-history":[{"count":7,"href":"https:\/\/www.o3onourown.com\/fr\/wp-json\/wp\/v2\/pages\/2557\/revisions"}],"predecessor-version":[{"id":2563,"href":"https:\/\/www.o3onourown.com\/fr\/wp-json\/wp\/v2\/pages\/2557\/revisions\/2563"}],"wp:attachment":[{"href":"https:\/\/www.o3onourown.com\/fr\/wp-json\/wp\/v2\/media?parent=2557"}],"curies":[{"name":"wp","href":"https:\/\/api.w.org\/{rel}","templated":true}]}}