{"id":2468,"date":"2022-02-04T16:30:44","date_gmt":"2022-02-04T16:30:44","guid":{"rendered":"https:\/\/www.o3onourown.com\/apply-to-o3\/"},"modified":"2026-04-15T21:12:10","modified_gmt":"2026-04-15T21:12:10","slug":"notre-liste-dattente","status":"publish","type":"page","link":"https:\/\/www.o3onourown.com\/fr\/notre-liste-dattente\/","title":{"rendered":"Devenez Resident.e \u00e0 O3"},"content":{"rendered":"<p><div class=\"fusion-fullwidth fullwidth-box fusion-builder-row-1 fusion-flex-container nonhundred-percent-fullwidth non-hundred-percent-height-scrolling\" style=\"--awb-border-radius-top-left:0px;--awb-border-radius-top-right:0px;--awb-border-radius-bottom-right:0px;--awb-border-radius-bottom-left:0px;--awb-padding-top:0px;--awb-flex-wrap:wrap;\" ><div class=\"fusion-builder-row fusion-row fusion-flex-align-items-flex-end fusion-flex-content-wrap\" style=\"max-width:83.2%;margin-left: calc(-4% \/ 2 );margin-right: calc(-4% \/ 2 );\"><div class=\"fusion-layout-column fusion_builder_column fusion-builder-column-0 fusion_builder_column_3_5 3_5 fusion-flex-column fusion-animated\" style=\"--awb-bg-blend:overlay;--awb-bg-size:cover;--awb-width-large:60%;--awb-margin-top-large:0px;--awb-spacing-right-large:3.2%;--awb-margin-bottom-large:0px;--awb-spacing-left-large:3.2%;--awb-width-medium:60%;--awb-spacing-right-medium:3.2%;--awb-spacing-left-medium:3.2%;--awb-width-small:100%;--awb-spacing-right-small:1.92%;--awb-spacing-left-small:1.92%;\" data-animationType=\"fadeInLeft\" data-animationDuration=\"0.8\" data-animationOffset=\"top-into-view\"><div class=\"fusion-column-wrapper fusion-column-has-shadow fusion-flex-justify-content-flex-start fusion-content-layout-column\"><div class=\"fusion-text fusion-text-1 caption\" style=\"--awb-font-size:var(--awb-typography5-font-size);--awb-line-height:var(--awb-typography5-line-height);--awb-letter-spacing:var(--awb-typography5-letter-spacing);--awb-text-transform:var(--awb-typography5-text-transform);--awb-text-color:var(--awb-custom_color_3);--awb-text-font-family:var(--awb-typography5-font-family);--awb-text-font-weight:var(--awb-typography5-font-weight);--awb-text-font-style:var(--awb-typography5-font-style);\"><p>DEVENEZ RESIDENT.E \u00e0 O3<\/p>\n<\/div><div class=\"fusion-title title fusion-title-1 fusion-sep-none fusion-title-text fusion-title-size-two\" style=\"--awb-text-color:var(--awb-custom_color_3);--awb-margin-top-small:10px;--awb-margin-right-small:0px;--awb-margin-bottom-small:10px;--awb-margin-left-small:0px;--awb-font-size:var(--awb-typography1-font-size);\"><h2 class=\"fusion-title-heading title-heading-left fusion-responsive-typography-calculated\" style=\"font-family:var(--awb-typography1-font-family);font-weight:var(--awb-typography1-font-weight);font-style:var(--awb-typography1-font-style);margin:0;letter-spacing:var(--awb-typography1-letter-spacing);font-size:1em;--fontSize:30;line-height:var(--awb-typography1-line-height);\">O3 accepte les r\u00e9sident.es en fonction de nos disponibilit\u00e9s et sur une base continue.<\/h2><\/div><div class=\"fusion-text fusion-text-2\" style=\"--awb-text-transform:none;--awb-margin-top:35px;\"><div><a style=\"margin-right: 50px;\" href=\"https:\/\/www.o3onourown.com\/fr\/notre-liste-dattente\/#who_should_apply\">Qui est \u00e9ligible<\/a> <a href=\"https:\/\/www.o3onourown.com\/fr\/notre-liste-dattente\/#faq\">F<\/a>AQ<\/div>\n<\/div><\/div><\/div><div class=\"fusion-layout-column fusion_builder_column fusion-builder-column-1 fusion_builder_column_2_5 2_5 fusion-flex-column fusion-animated\" style=\"--awb-overflow:hidden;--awb-bg-image:url(&#039;https:\/\/www.o3onourown.com\/wp-content\/uploads\/2022\/03\/GettyImages-1263882141.jpg&#039;);--awb-bg-position:center center;--awb-bg-blend:overlay;--awb-bg-size:cover;--awb-border-radius:0px 0px 0px 120px;--awb-width-large:40%;--awb-margin-top-large:0px;--awb-spacing-right-large:4.8%;--awb-margin-bottom-large:20px;--awb-spacing-left-large:8.4%;--awb-width-medium:40%;--awb-order-medium:0;--awb-spacing-right-medium:4.8%;--awb-spacing-left-medium:8.4%;--awb-width-small:100%;--awb-order-small:0;--awb-spacing-right-small:1.92%;--awb-spacing-left-small:1.92%;\" data-animationType=\"fadeInRight\" data-animationDuration=\"0.8\" data-animationOffset=\"top-into-view\"><div class=\"fusion-column-wrapper fusion-column-has-shadow fusion-flex-justify-content-flex-start fusion-content-layout-column fusion-column-has-bg-image\" data-bg-url=\"https:\/\/www.o3onourown.com\/wp-content\/uploads\/2022\/03\/GettyImages-1263882141.jpg\"><div class=\"fusion-separator fusion-full-width-sep\" style=\"align-self: center;margin-left: auto;margin-right: auto;margin-top:600px;width:100%;\"><div class=\"fusion-separator-border sep-double\" style=\"--awb-height:20px;--awb-amount:20px;--awb-sep-color:rgba(45,45,45,0);border-color:rgba(45,45,45,0);border-top-width:1px;border-bottom-width:1px;\"><\/div><\/div><\/div><\/div><\/div><\/div><div class=\"fusion-fullwidth fullwidth-box fusion-builder-row-2 fusion-flex-container nonhundred-percent-fullwidth non-hundred-percent-height-scrolling\" style=\"--awb-border-radius-top-left:0px;--awb-border-radius-top-right:0px;--awb-border-radius-bottom-right:0px;--awb-border-radius-bottom-left:0px;--awb-padding-bottom:5%;--awb-flex-wrap:wrap;\" ><div class=\"fusion-builder-row fusion-row fusion-flex-align-items-stretch fusion-flex-content-wrap\" style=\"max-width:83.2%;margin-left: calc(-4% \/ 2 );margin-right: calc(-4% \/ 2 );\"><div class=\"fusion-layout-column fusion_builder_column fusion-builder-column-2 fusion_builder_column_1_2 1_2 fusion-flex-column fusion-animated\" style=\"--awb-bg-blend:overlay;--awb-bg-size:cover;--awb-width-large:50%;--awb-margin-top-large:0px;--awb-spacing-right-large:0px;--awb-margin-bottom-large:20px;--awb-spacing-left-large:4.992%;--awb-width-medium:50%;--awb-order-medium:0;--awb-spacing-right-medium:0px;--awb-spacing-left-medium:4.992%;--awb-width-small:100%;--awb-order-small:0;--awb-spacing-right-small:1.92%;--awb-spacing-left-small:1.92%;\" data-animationType=\"fadeInLeft\" data-animationDuration=\"0.8\" data-animationOffset=\"top-into-view\"><div class=\"fusion-column-wrapper fusion-column-has-shadow fusion-flex-justify-content-center fusion-content-layout-column\"><div class=\"fusion-separator\" style=\"align-self: flex-start;margin-right:auto;margin-top:8px;margin-bottom:5%;width:100%;max-width:32px;\"><div class=\"fusion-separator-border sep-single sep-solid\" style=\"--awb-height:20px;--awb-amount:20px;--awb-sep-color:var(--awb-custom_color_3);border-color:var(--awb-custom_color_3);border-top-width:2px;\"><\/div><\/div><div class=\"fusion-text fusion-text-3\" style=\"--awb-text-transform:none;\"><p>Veuillez consulter notre FAQ ci-dessous pour plus d&rsquo;informations. Si vous souhaitez vous inscrire \u00e0 une s\u00e9ance d&rsquo;information, veuillez appeler le 514-369-0757 ou remplir le formulaire ci-dessous.<\/p>\n<p>Bien que toutes les candidatures soient les bienvenues, O3 ne peut pas accepter tout le monde en raison du nombre limit\u00e9 de places. Un processus de s\u00e9lection rigoureux est donc mis en place afin de mieux comprendre la situation des candidat.e.s et d\u2019\u00e9valuer leurs chances de r\u00e9ussite dans le cadre du programme offert.<\/p>\n<\/div><\/div><\/div><div class=\"fusion-layout-column fusion_builder_column fusion-builder-column-3 fusion_builder_column_1_2 1_2 fusion-flex-column fusion-animated\" style=\"--awb-bg-blend:overlay;--awb-bg-size:cover;--awb-width-large:50%;--awb-margin-top-large:0px;--awb-spacing-right-large:6.72%;--awb-margin-bottom-large:20px;--awb-spacing-left-large:0%;--awb-width-medium:50%;--awb-order-medium:0;--awb-spacing-right-medium:6.72%;--awb-spacing-left-medium:0%;--awb-width-small:100%;--awb-order-small:0;--awb-spacing-right-small:1.92%;--awb-spacing-left-small:1.92%;\" data-animationType=\"fadeInLeft\" data-animationDuration=\"0.8\" data-animationOffset=\"top-into-view\"><div class=\"fusion-column-wrapper fusion-column-has-shadow fusion-flex-justify-content-center fusion-content-layout-column\"><\/div><\/div><\/div><\/div><div id=\"who_should_apply\" class=\"fusion-container-anchor\"><div class=\"fusion-fullwidth fullwidth-box fusion-builder-row-3 fusion-flex-container nonhundred-percent-fullwidth non-hundred-percent-height-scrolling\" style=\"--awb-background-position:left top;--awb-border-radius-top-left:0px;--awb-border-radius-top-right:0px;--awb-border-radius-bottom-right:0px;--awb-border-radius-bottom-left:0px;--awb-padding-top:4%;--awb-padding-bottom:4%;--awb-padding-top-medium:80px;--awb-padding-bottom-medium:40px;--awb-padding-top-small:32px;--awb-background-color:#f4f4f4;--awb-flex-wrap:wrap;\" ><div class=\"fusion-builder-row fusion-row fusion-flex-align-items-stretch fusion-flex-content-wrap\" style=\"max-width:83.2%;margin-left: calc(-4% \/ 2 );margin-right: calc(-4% \/ 2 );\"><div class=\"fusion-layout-column fusion_builder_column fusion-builder-column-4 fusion_builder_column_1_2 1_2 fusion-flex-column\" style=\"--awb-padding-top:20%;--awb-bg-image:url(&#039;https:\/\/www.o3onourown.com\/wp-content\/uploads\/2022\/03\/GettyImages-1168485398.jpg&#039;);--awb-bg-position:center center;--awb-bg-blend:overlay;--awb-bg-size:cover;--awb-box-shadow:0px 10px 16px 0px rgba(0,0,0,0.2);;--awb-border-color:var(--awb-color1);--awb-border-style:solid;--awb-width-large:50%;--awb-margin-top-large:0px;--awb-spacing-right-large:9.6%;--awb-margin-bottom-large:20px;--awb-spacing-left-large:3.84%;--awb-width-medium:50%;--awb-order-medium:0;--awb-spacing-right-medium:9.6%;--awb-spacing-left-medium:3.84%;--awb-width-small:100%;--awb-order-small:0;--awb-spacing-right-small:1.92%;--awb-spacing-left-small:1.92%;\"><div class=\"fusion-column-wrapper fusion-column-has-shadow fusion-flex-justify-content-flex-start fusion-content-layout-column fusion-column-has-bg-image\" data-bg-url=\"https:\/\/www.o3onourown.com\/wp-content\/uploads\/2022\/03\/GettyImages-1168485398.jpg\"><div class=\"fusion-separator fusion-full-width-sep\" style=\"align-self: center;margin-left: auto;margin-right: auto;margin-top:150px;margin-bottom:150px;width:100%;\"><div class=\"fusion-separator-border sep-double\" style=\"--awb-height:20px;--awb-amount:20px;--awb-sep-color:rgba(25,25,25,0);border-color:rgba(25,25,25,0);border-top-width:1px;border-bottom-width:1px;\"><\/div><\/div><\/div><\/div><div class=\"fusion-layout-column fusion_builder_column fusion-builder-column-5 fusion_builder_column_1_2 1_2 fusion-flex-column fusion-animated\" style=\"--awb-bg-blend:overlay;--awb-bg-size:cover;--awb-width-large:50%;--awb-margin-top-large:0px;--awb-spacing-right-large:3.84%;--awb-margin-bottom-large:20px;--awb-spacing-left-large:9.6%;--awb-width-medium:50%;--awb-spacing-right-medium:3.84%;--awb-spacing-left-medium:9.6%;--awb-width-small:100%;--awb-spacing-right-small:1.92%;--awb-spacing-left-small:1.92%;\" data-animationType=\"fadeInDown\" data-animationDuration=\"0.8\" data-animationOffset=\"top-into-view\"><div class=\"fusion-column-wrapper fusion-column-has-shadow fusion-flex-justify-content-center fusion-content-layout-column\"><div class=\"fusion-separator\" style=\"align-self: flex-start;margin-right:auto;margin-top:8px;margin-bottom:5%;width:100%;max-width:32px;\"><div class=\"fusion-separator-border sep-single sep-solid\" style=\"--awb-height:20px;--awb-amount:20px;--awb-sep-color:var(--awb-custom_color_3);border-color:var(--awb-custom_color_3);border-top-width:2px;\"><\/div><\/div><div class=\"fusion-title title fusion-title-2 fusion-sep-none fusion-title-text fusion-title-size-two\" style=\"--awb-text-color:var(--awb-custom_color_3);--awb-margin-top-small:10px;--awb-margin-right-small:0px;--awb-margin-bottom-small:10px;--awb-margin-left-small:0px;--awb-font-size:28px;\"><h2 class=\"fusion-title-heading title-heading-left fusion-responsive-typography-calculated\" style=\"font-family:var(--awb-typography1-font-family);font-weight:var(--awb-typography1-font-weight);font-style:var(--awb-typography1-font-style);margin:0;letter-spacing:var(--awb-typography1-letter-spacing);font-size:1em;--fontSize:28;line-height:var(--awb-typography1-line-height);\">QUI EST \u00c9LIGIBLE<\/h2><\/div><div class=\"fusion-text fusion-text-4\" style=\"--awb-text-transform:none;--awb-margin-top:49px;\"><p>Nous recherchons des candidat.e.s qui r\u00e9pondent aux crit\u00e8res suivants :<\/p>\n<ul>\n<li>Avoir entre <strong>16 et 30<\/strong> ans<\/li>\n<li>Avoir <strong>un ou plusieurs enfants de moins de 5 ans<\/strong><\/li>\n<li>Avoir un faible revenu et \u00eatre admissible \u00e0 un logement subventionn\u00e9 par le gouvernement<\/li>\n<li>\u00catre citoyen.ne canadien.ne ou r\u00e9sident.e permanent.e<\/li>\n<li>Avoir v\u00e9cu au Qu\u00e9bec pendant 12 des 24 derniers mois<\/li>\n<li>\u00catre capable de collaborer en anglais (O3 est le seul organisme qu\u00e9b\u00e9cois de son genre qui s&rsquo;adresse \u00e0 la communaut\u00e9 anglophone).<\/li>\n<\/ul>\n<\/div><div ><a class=\"fusion-button button-flat button-large button-custom fusion-button-default button-1 fusion-button-default-span hov_wht_btn\" style=\"--button_accent_color:var(--awb-color1);--button_border_color:var(--awb-custom_color_3);--button_accent_hover_color:var(--awb-custom_color_3);--button_border_hover_color:var(--awb-custom_color_3);--button_gradient_top_color:var(--awb-custom_color_3);--button_gradient_bottom_color:var(--awb-custom_color_3);--button_gradient_top_color_hover:hsla(var(--awb-color5-h),calc(var(--awb-color5-s) - 5%),calc(var(--awb-color5-l) - 10%),var(--awb-color5-a));--button_gradient_bottom_color_hover:hsla(var(--awb-color5-h),calc(var(--awb-color5-s) - 5%),calc(var(--awb-color5-l) - 10%),var(--awb-color5-a));--button_text_transform:uppercase;\" target=\"_self\" href=\"https:\/\/www.o3onourown.com\/fr\/notre-liste-dattente\/\"><span class=\"fusion-button-text awb-button__text awb-button__text--default\">S&rsquo;INSCRIRE \u00c0 UNE S\u00c9ANCE D&rsquo;INFORMATION<\/span><\/a><\/div><\/div><\/div><\/div><\/div><\/div><div id=\"faq\" class=\"fusion-container-anchor\"><div class=\"fusion-fullwidth fullwidth-box fusion-builder-row-4 fusion-flex-container fusion-parallax-none nonhundred-percent-fullwidth non-hundred-percent-height-scrolling\" style=\"--awb-border-radius-top-left:0px;--awb-border-radius-top-right:0px;--awb-border-radius-bottom-right:0px;--awb-border-radius-bottom-left:0px;--awb-background-image:url(&quot;https:\/\/www.o3onourown.com\/wp-content\/uploads\/2022\/02\/grey-white-bg.jpg&quot;);--awb-background-size:cover;--awb-flex-wrap:wrap;\" ><div class=\"fusion-builder-row fusion-row fusion-flex-align-items-flex-start fusion-flex-content-wrap\" style=\"max-width:83.2%;margin-left: calc(-4% \/ 2 );margin-right: calc(-4% \/ 2 );\"><div class=\"fusion-layout-column fusion_builder_column fusion-builder-column-6 fusion_builder_column_1_1 1_1 fusion-flex-column\" style=\"--awb-padding-top:20%;--awb-padding-bottom:20%;--awb-overflow:hidden;--awb-bg-image:url(&#039;https:\/\/www.o3onourown.com\/wp-content\/uploads\/2022\/03\/GettyImages-671260342.jpg&#039;);--awb-bg-position:center center;--awb-bg-size:cover;--awb-border-radius:0px 0px 120px 0px;--awb-width-large:100%;--awb-margin-top-large:5%;--awb-spacing-right-large:1.92%;--awb-margin-bottom-large:5%;--awb-spacing-left-large:1.92%;--awb-width-medium:100%;--awb-order-medium:0;--awb-spacing-right-medium:1.92%;--awb-spacing-left-medium:1.92%;--awb-width-small:100%;--awb-order-small:0;--awb-spacing-right-small:1.92%;--awb-spacing-left-small:1.92%;\"><div class=\"fusion-column-wrapper fusion-column-has-shadow fusion-flex-justify-content-flex-start fusion-content-layout-column fusion-column-has-bg-image\" data-bg-url=\"https:\/\/www.o3onourown.com\/wp-content\/uploads\/2022\/03\/GettyImages-671260342.jpg\"><div style=\"text-align:center;\"><a class=\"fusion-button button-flat button-xlarge button-custom fusion-button-default button-2 fusion-button-default-span hov_wht_btn\" style=\"--button_accent_color:var(--awb-color1);--button_border_color:var(--awb-custom_color_3);--button_accent_hover_color:var(--awb-custom_color_3);--button_border_hover_color:var(--awb-custom_color_3);--button_gradient_top_color:var(--awb-custom_color_3);--button_gradient_bottom_color:var(--awb-custom_color_3);--button_gradient_top_color_hover:hsla(var(--awb-color5-h),calc(var(--awb-color5-s) - 5%),calc(var(--awb-color5-l) - 10%),var(--awb-color5-a));--button_gradient_bottom_color_hover:hsla(var(--awb-color5-h),calc(var(--awb-color5-s) - 5%),calc(var(--awb-color5-l) - 10%),var(--awb-color5-a));--button_text_transform:uppercase;--button_typography-font-family:var(--awb-typography2-font-family);--button_typography-font-weight:var(--awb-typography2-font-weight);--button_typography-font-style:var(--awb-typography2-font-style);\" target=\"_self\" href=\"https:\/\/www.o3onourown.com\/fr\/qfp\/\"><span class=\"fusion-button-text awb-button__text awb-button__text--default\">FAQ SUR LA VIE \u00c0 O3<\/span><\/a><\/div><\/div><\/div><\/div><\/div><\/div><\/p>\n","protected":false},"excerpt":{"rendered":"","protected":false},"author":1,"featured_media":0,"parent":0,"menu_order":0,"comment_status":"closed","ping_status":"closed","template":"100-width.php","meta":{"footnotes":""},"class_list":["post-2468","page","type-page","status-publish","hentry"],"yoast_head":"<!-- This site is optimized with the Yoast SEO plugin v27.3 - https:\/\/yoast.com\/product\/yoast-seo-wordpress\/ -->\n<title>Devenez Resident.e \u00e0 O3 - On Our Own<\/title>\n<meta name=\"robots\" content=\"index, follow, max-snippet:-1, max-image-preview:large, max-video-preview:-1\" \/>\n<link rel=\"canonical\" href=\"https:\/\/www.o3onourown.com\/fr\/notre-liste-dattente\/\" \/>\n<meta property=\"og:locale\" content=\"fr_FR\" \/>\n<meta property=\"og:type\" content=\"article\" \/>\n<meta property=\"og:title\" content=\"Devenez Resident.e \u00e0 O3 - On Our Own\" \/>\n<meta property=\"og:url\" content=\"https:\/\/www.o3onourown.com\/fr\/notre-liste-dattente\/\" \/>\n<meta property=\"og:site_name\" content=\"On Our Own\" \/>\n<meta property=\"article:publisher\" content=\"https:\/\/www.facebook.com\/lesmaisonstransitionnelleso3\/\" \/>\n<meta property=\"article:modified_time\" content=\"2026-04-15T21:12:10+00:00\" \/>\n<meta name=\"twitter:card\" content=\"summary_large_image\" \/>\n<meta name=\"twitter:label1\" content=\"Dur\u00e9e de lecture estim\u00e9e\" \/>\n\t<meta name=\"twitter:data1\" content=\"1 minute\" \/>\n<script type=\"application\/ld+json\" class=\"yoast-schema-graph\">{\"@context\":\"https:\\\/\\\/schema.org\",\"@graph\":[{\"@type\":\"WebPage\",\"@id\":\"https:\\\/\\\/www.o3onourown.com\\\/fr\\\/notre-liste-dattente\\\/\",\"url\":\"https:\\\/\\\/www.o3onourown.com\\\/fr\\\/notre-liste-dattente\\\/\",\"name\":\"Devenez Resident.e \u00e0 O3 - On Our Own\",\"isPartOf\":{\"@id\":\"https:\\\/\\\/www.o3onourown.com\\\/#website\"},\"datePublished\":\"2022-02-04T16:30:44+00:00\",\"dateModified\":\"2026-04-15T21:12:10+00:00\",\"breadcrumb\":{\"@id\":\"https:\\\/\\\/www.o3onourown.com\\\/fr\\\/notre-liste-dattente\\\/#breadcrumb\"},\"inLanguage\":\"fr-FR\",\"potentialAction\":[{\"@type\":\"ReadAction\",\"target\":[\"https:\\\/\\\/www.o3onourown.com\\\/fr\\\/notre-liste-dattente\\\/\"]}]},{\"@type\":\"BreadcrumbList\",\"@id\":\"https:\\\/\\\/www.o3onourown.com\\\/fr\\\/notre-liste-dattente\\\/#breadcrumb\",\"itemListElement\":[{\"@type\":\"ListItem\",\"position\":1,\"name\":\"Home\",\"item\":\"https:\\\/\\\/www.o3onourown.com\\\/fr\\\/\"},{\"@type\":\"ListItem\",\"position\":2,\"name\":\"Devenez Resident.e \u00e0 O3\"}]},{\"@type\":\"WebSite\",\"@id\":\"https:\\\/\\\/www.o3onourown.com\\\/#website\",\"url\":\"https:\\\/\\\/www.o3onourown.com\\\/\",\"name\":\"On Our Own\",\"description\":\"\",\"publisher\":{\"@id\":\"https:\\\/\\\/www.o3onourown.com\\\/#organization\"},\"potentialAction\":[{\"@type\":\"SearchAction\",\"target\":{\"@type\":\"EntryPoint\",\"urlTemplate\":\"https:\\\/\\\/www.o3onourown.com\\\/?s={search_term_string}\"},\"query-input\":{\"@type\":\"PropertyValueSpecification\",\"valueRequired\":true,\"valueName\":\"search_term_string\"}}],\"inLanguage\":\"fr-FR\"},{\"@type\":\"Organization\",\"@id\":\"https:\\\/\\\/www.o3onourown.com\\\/#organization\",\"name\":\"o3 onourown\",\"url\":\"https:\\\/\\\/www.o3onourown.com\\\/\",\"logo\":{\"@type\":\"ImageObject\",\"inLanguage\":\"fr-FR\",\"@id\":\"https:\\\/\\\/www.o3onourown.com\\\/#\\\/schema\\\/logo\\\/image\\\/\",\"url\":\"https:\\\/\\\/www.o3onourown.com\\\/wp-content\\\/uploads\\\/2022\\\/02\\\/03-logo.png\",\"contentUrl\":\"https:\\\/\\\/www.o3onourown.com\\\/wp-content\\\/uploads\\\/2022\\\/02\\\/03-logo.png\",\"width\":500,\"height\":285,\"caption\":\"o3 onourown\"},\"image\":{\"@id\":\"https:\\\/\\\/www.o3onourown.com\\\/#\\\/schema\\\/logo\\\/image\\\/\"},\"sameAs\":[\"https:\\\/\\\/www.facebook.com\\\/lesmaisonstransitionnelleso3\\\/\",\"https:\\\/\\\/www.instagram.com\\\/o3_onourown\\\/\",\"https:\\\/\\\/www.linkedin.com\\\/company\\\/o3onourown\\\/about\\\/\"]}]}<\/script>\n<!-- \/ Yoast SEO plugin. -->","yoast_head_json":{"title":"Devenez Resident.e \u00e0 O3 - On Our Own","robots":{"index":"index","follow":"follow","max-snippet":"max-snippet:-1","max-image-preview":"max-image-preview:large","max-video-preview":"max-video-preview:-1"},"canonical":"https:\/\/www.o3onourown.com\/fr\/notre-liste-dattente\/","og_locale":"fr_FR","og_type":"article","og_title":"Devenez Resident.e \u00e0 O3 - On Our Own","og_url":"https:\/\/www.o3onourown.com\/fr\/notre-liste-dattente\/","og_site_name":"On Our Own","article_publisher":"https:\/\/www.facebook.com\/lesmaisonstransitionnelleso3\/","article_modified_time":"2026-04-15T21:12:10+00:00","twitter_card":"summary_large_image","twitter_misc":{"Dur\u00e9e de lecture estim\u00e9e":"1 minute"},"schema":{"@context":"https:\/\/schema.org","@graph":[{"@type":"WebPage","@id":"https:\/\/www.o3onourown.com\/fr\/notre-liste-dattente\/","url":"https:\/\/www.o3onourown.com\/fr\/notre-liste-dattente\/","name":"Devenez Resident.e \u00e0 O3 - On Our Own","isPartOf":{"@id":"https:\/\/www.o3onourown.com\/#website"},"datePublished":"2022-02-04T16:30:44+00:00","dateModified":"2026-04-15T21:12:10+00:00","breadcrumb":{"@id":"https:\/\/www.o3onourown.com\/fr\/notre-liste-dattente\/#breadcrumb"},"inLanguage":"fr-FR","potentialAction":[{"@type":"ReadAction","target":["https:\/\/www.o3onourown.com\/fr\/notre-liste-dattente\/"]}]},{"@type":"BreadcrumbList","@id":"https:\/\/www.o3onourown.com\/fr\/notre-liste-dattente\/#breadcrumb","itemListElement":[{"@type":"ListItem","position":1,"name":"Home","item":"https:\/\/www.o3onourown.com\/fr\/"},{"@type":"ListItem","position":2,"name":"Devenez Resident.e \u00e0 O3"}]},{"@type":"WebSite","@id":"https:\/\/www.o3onourown.com\/#website","url":"https:\/\/www.o3onourown.com\/","name":"On Our Own","description":"","publisher":{"@id":"https:\/\/www.o3onourown.com\/#organization"},"potentialAction":[{"@type":"SearchAction","target":{"@type":"EntryPoint","urlTemplate":"https:\/\/www.o3onourown.com\/?s={search_term_string}"},"query-input":{"@type":"PropertyValueSpecification","valueRequired":true,"valueName":"search_term_string"}}],"inLanguage":"fr-FR"},{"@type":"Organization","@id":"https:\/\/www.o3onourown.com\/#organization","name":"o3 onourown","url":"https:\/\/www.o3onourown.com\/","logo":{"@type":"ImageObject","inLanguage":"fr-FR","@id":"https:\/\/www.o3onourown.com\/#\/schema\/logo\/image\/","url":"https:\/\/www.o3onourown.com\/wp-content\/uploads\/2022\/02\/03-logo.png","contentUrl":"https:\/\/www.o3onourown.com\/wp-content\/uploads\/2022\/02\/03-logo.png","width":500,"height":285,"caption":"o3 onourown"},"image":{"@id":"https:\/\/www.o3onourown.com\/#\/schema\/logo\/image\/"},"sameAs":["https:\/\/www.facebook.com\/lesmaisonstransitionnelleso3\/","https:\/\/www.instagram.com\/o3_onourown\/","https:\/\/www.linkedin.com\/company\/o3onourown\/about\/"]}]}},"_links":{"self":[{"href":"https:\/\/www.o3onourown.com\/fr\/wp-json\/wp\/v2\/pages\/2468","targetHints":{"allow":["GET"]}}],"collection":[{"href":"https:\/\/www.o3onourown.com\/fr\/wp-json\/wp\/v2\/pages"}],"about":[{"href":"https:\/\/www.o3onourown.com\/fr\/wp-json\/wp\/v2\/types\/page"}],"author":[{"embeddable":true,"href":"https:\/\/www.o3onourown.com\/fr\/wp-json\/wp\/v2\/users\/1"}],"replies":[{"embeddable":true,"href":"https:\/\/www.o3onourown.com\/fr\/wp-json\/wp\/v2\/comments?post=2468"}],"version-history":[{"count":10,"href":"https:\/\/www.o3onourown.com\/fr\/wp-json\/wp\/v2\/pages\/2468\/revisions"}],"predecessor-version":[{"id":2586,"href":"https:\/\/www.o3onourown.com\/fr\/wp-json\/wp\/v2\/pages\/2468\/revisions\/2586"}],"wp:attachment":[{"href":"https:\/\/www.o3onourown.com\/fr\/wp-json\/wp\/v2\/media?parent=2468"}],"curies":[{"name":"wp","href":"https:\/\/api.w.org\/{rel}","templated":true}]}}